{"id":2351,"date":"2025-08-29T14:37:37","date_gmt":"2025-08-29T14:37:37","guid":{"rendered":"https:\/\/mouvementdesepis.org\/?page_id=2351"},"modified":"2025-11-26T09:20:58","modified_gmt":"2025-11-26T09:20:58","slug":"festival","status":"publish","type":"page","link":"https:\/\/mouvementdesepis.org\/?page_id=2351","title":{"rendered":"Festival"},"content":{"rendered":"\t\t<div data-elementor-type=\"wp-page\" data-elementor-id=\"2351\" class=\"elementor elementor-2351\" data-elementor-post-type=\"page\">\n\t\t\t\t\t\t<section class=\"elementor-section elementor-top-section elementor-element elementor-element-9b679a0 elementor-section-boxed elementor-section-height-default elementor-section-height-default\" data-id=\"9b679a0\" data-element_type=\"section\">\n\t\t\t\t\t\t<div class=\"elementor-container elementor-column-gap-default\">\n\t\t\t\t\t<div class=\"elementor-column elementor-col-100 elementor-top-column elementor-element elementor-element-9ed6bc4\" data-id=\"9ed6bc4\" data-element_type=\"column\">\n\t\t\t<div class=\"elementor-widget-wrap\">\n\t\t\t\t\t\t\t<\/div>\n\t\t<\/div>\n\t\t\t\t\t<\/div>\n\t\t<\/section>\n\t\t\t\t<section class=\"elementor-section elementor-top-section elementor-element elementor-element-2ab0d97 elementor-section-boxed elementor-section-height-default elementor-section-height-default\" data-id=\"2ab0d97\" data-element_type=\"section\">\n\t\t\t\t\t\t<div class=\"elementor-container elementor-column-gap-default\">\n\t\t\t\t\t<div class=\"elementor-column elementor-col-100 elementor-top-column elementor-element elementor-element-1bc0a0e\" data-id=\"1bc0a0e\" data-element_type=\"column\">\n\t\t\t<div class=\"elementor-widget-wrap elementor-element-populated\">\n\t\t\t\t\t\t<div class=\"elementor-element elementor-element-44a07ff elementor-widget__width-initial elementor-widget elementor-widget-image\" data-id=\"44a07ff\" data-element_type=\"widget\" data-widget_type=\"image.default\">\n\t\t\t\t<div class=\"elementor-widget-container\">\n\t\t\t\t\t\t\t\t\t\t\t\t\t\t\t<img fetchpriority=\"high\" decoding=\"async\" width=\"724\" height=\"1024\" src=\"https:\/\/mouvementdesepis.org\/wp-content\/uploads\/2025\/09\/afficheFestival-724x1024.jpg\" class=\"attachment-large size-large wp-image-2385\" alt=\"\" srcset=\"https:\/\/mouvementdesepis.org\/wp-content\/uploads\/2025\/09\/afficheFestival-724x1024.jpg 724w, https:\/\/mouvementdesepis.org\/wp-content\/uploads\/2025\/09\/afficheFestival-212x300.jpg 212w, https:\/\/mouvementdesepis.org\/wp-content\/uploads\/2025\/09\/afficheFestival-768x1086.jpg 768w, https:\/\/mouvementdesepis.org\/wp-content\/uploads\/2025\/09\/afficheFestival-1086x1536.jpg 1086w, https:\/\/mouvementdesepis.org\/wp-content\/uploads\/2025\/09\/afficheFestival.jpg 1131w\" sizes=\"(max-width: 724px) 100vw, 724px\" \/>\t\t\t\t\t\t\t\t\t\t\t\t\t\t\t<\/div>\n\t\t\t\t<\/div>\n\t\t\t\t<div class=\"elementor-element elementor-element-7ac2884 elementor-widget__width-initial elementor-widget elementor-widget-image\" data-id=\"7ac2884\" data-element_type=\"widget\" data-widget_type=\"image.default\">\n\t\t\t\t<div class=\"elementor-widget-container\">\n\t\t\t\t\t\t\t\t\t\t\t\t\t\t\t<img decoding=\"async\" width=\"724\" height=\"1024\" src=\"https:\/\/mouvementdesepis.org\/wp-content\/uploads\/2025\/09\/Festival-Programme-a-diffuser-2-724x1024.png\" class=\"attachment-large size-large wp-image-2402\" alt=\"\" srcset=\"https:\/\/mouvementdesepis.org\/wp-content\/uploads\/2025\/09\/Festival-Programme-a-diffuser-2-724x1024.png 724w, https:\/\/mouvementdesepis.org\/wp-content\/uploads\/2025\/09\/Festival-Programme-a-diffuser-2-212x300.png 212w, https:\/\/mouvementdesepis.org\/wp-content\/uploads\/2025\/09\/Festival-Programme-a-diffuser-2-768x1086.png 768w, https:\/\/mouvementdesepis.org\/wp-content\/uploads\/2025\/09\/Festival-Programme-a-diffuser-2-1086x1536.png 1086w, https:\/\/mouvementdesepis.org\/wp-content\/uploads\/2025\/09\/Festival-Programme-a-diffuser-2-1448x2048.png 1448w, https:\/\/mouvementdesepis.org\/wp-content\/uploads\/2025\/09\/Festival-Programme-a-diffuser-2.png 1587w\" sizes=\"(max-width: 724px) 100vw, 724px\" \/>\t\t\t\t\t\t\t\t\t\t\t\t\t\t\t<\/div>\n\t\t\t\t<\/div>\n\t\t\t\t<div class=\"elementor-element elementor-element-ef60714 elementor-widget elementor-widget-heading\" data-id=\"ef60714\" data-element_type=\"widget\" data-widget_type=\"heading.default\">\n\t\t\t\t<div class=\"elementor-widget-container\">\n\t\t\t\t\t<h2 class=\"elementor-heading-title elementor-size-default\">Festival des \u00c9pis 2025- sp\u00e9cial 10 ans !\n<\/h2>\t\t\t\t<\/div>\n\t\t\t\t<\/div>\n\t\t\t\t<div class=\"elementor-element elementor-element-c8c4f50 elementor-widget elementor-widget-text-editor\" data-id=\"c8c4f50\" data-element_type=\"widget\" data-widget_type=\"text-editor.default\">\n\t\t\t\t<div class=\"elementor-widget-container\">\n\t\t\t\t\t\t\t\t\t<table role=\"presentation\" border=\"0\" width=\"100%\" cellspacing=\"0\" cellpadding=\"0\"><tbody><tr><td class=\"r20-c nl2go-default-textstyle\" align=\"left\"><div><p id=\"isPasted\" class=\"default\">Un grand merci pour ce week-end anniversaire riche en rencontres, en \u00e9changes et en belles \u00e9nergies ! Le Festival des \u00c9pis fut une formidable occasion de <strong>tisser du lien<\/strong>, de <strong>partager des projets<\/strong> et de <strong>construire ensemble un r\u00e9seau<\/strong> qui nous ressemble.<\/p><p><strong>\ud83d\uddd3 2 jours<\/strong><\/p><p><strong>\ud83c\udf9f +160 participants<\/strong><\/p><p><strong>\ud83c\udf3e 41 \u00c9pis repr\u00e9sent\u00e9s\u00a0<\/strong><\/p><p>Des <strong>d\u00e9bats<\/strong> <strong>passionn\u00e9s<\/strong>, des <strong>ateliers<\/strong> <strong>vari\u00e9s<\/strong> qui interrogent autant nos acquis que nos ambitions pour le futur du r\u00e9seau, des <strong>repas<\/strong> <strong>partag\u00e9s<\/strong> qui r\u00e9chauffent les c\u0153urs&#8230; et une bonne dose de <strong>th\u00e9\u00e2tre<\/strong> et de <strong>musique<\/strong> pour c\u00e9l\u00e9brer ensemble les 10 ans du concept d&#8217;\u00c9pi !<\/p><p>La troisi\u00e8me \u00e9dition du Festival des \u00c9pis c&#8217;\u00e9tait tout \u00e7a et bien plus encore.\u00a0<strong>Revivons ensemble les temps forts de ce week-end au c\u0153ur de Ch\u00e2teaufort \ud83e\udd17<\/strong><\/p><table role=\"presentation\" border=\"0\" width=\"100%\" cellspacing=\"0\" cellpadding=\"0\"><tbody><tr><td class=\"r18-c nl2go-default-textstyle\" align=\"left\"><div><p>Et en bonus, retrouvez ci-dessous la vid\u00e9o du Festival\u00a0\ud83d\ude09<\/p><p>(diff\u00e9rente de la Bande Annonce du Festival publi\u00e9e sur nos r\u00e9seaux car mise \u00e0 jour avec les vid\u00e9os du week-end)<\/p><\/div><\/td><\/tr><tr><td class=\"r23-c\" align=\"center\"><a href=\"https:\/\/fdiqc.r.ah.d.sendibm5.com\/mk\/cl\/f\/sh\/6rqJfgq8dIPRQNy5UiDvWRLOL96\/4GFkOh5fl9f6\" target=\"_blank\" rel=\"noopener\"> <img decoding=\"async\" src=\"https:\/\/fdiqc.img.ah.d.sendibm5.com\/im\/sh\/A5UcSr0FnOY0.png?u=7xwQLFBtniwQnFSDB4pHABONXUwkKmO\" width=\"570\" border=\"0\" \/><\/a><\/td><\/tr><\/tbody><\/table><table role=\"presentation\" border=\"0\" width=\"100%\" cellspacing=\"0\" cellpadding=\"0\"><tbody><tr><td class=\"r21-c nl2go-default-textstyle\" align=\"left\"><div><p id=\"isPasted\"><strong>4\ufe0f\u20e3 Les vid\u00e9os et les supports de pr\u00e9sentation des ateliers\u00a0<\/strong><\/p><\/div><\/td><\/tr><tr><td class=\"r21-c nl2go-default-textstyle\" align=\"left\"><div><p>Pour retrouver\u00a0<strong><u>les<\/u><\/strong><strong><u>\u00a0supports de pr\u00e9sentation des pl\u00e9ni\u00e8res et des ateliers<\/u><\/strong>\u00a0(format pdf), suivez ces liens (documents en libre acc\u00e8s) :\u00a0<\/p><p><strong>&#8211; Pl\u00e9ni\u00e8re Partie 1<\/strong> <span id=\"isPasted\"><strong>\ud83d\udc49<\/strong><\/span>\u00a0 <a href=\"https:\/\/fdiqc.r.ah.d.sendibm5.com\/mk\/cl\/f\/sh\/SMK1E8tHeG1QOf1mkokrrLvzLE9A\/s3TaUsLnbC7I\" target=\"_blank\" rel=\"noopener noreferrer\"><strong>Cliquez ici<\/strong><\/a><\/p><p><strong>&#8211; Pl\u00e9ni\u00e8re Partie 2<\/strong> <span id=\"isPasted\"><strong>\ud83d\udc49 <\/strong><a href=\"https:\/\/fdiqc.r.ah.d.sendibm5.com\/mk\/cl\/f\/sh\/SMK1E8tHeG8HqnqjvyuLxBEjJWjQ\/-XW9Bdnn8wfD\" target=\"_blank\" rel=\"noopener noreferrer\"><strong>Cliquez ici<\/strong><\/a><\/span><\/p><p><strong><span id=\"isPasted\">&#8211; Solidarit\u00e9 alimentaire \ud83d\udc49 \u00a0<\/span><\/strong><a href=\"https:\/\/fdiqc.r.ah.d.sendibm5.com\/mk\/cl\/f\/sh\/SMK1E8tHeGF9Iwfh793q30XTHpJg\/ORbAhLM0y_lg\" target=\"_blank\" rel=\"noopener noreferrer\"><strong>Cliquez ici<\/strong><\/a>\u00a0<\/p><p><strong>&#8211; Fiscalit\u00e9 <span id=\"isPasted\">\ud83d\udc49\u00a0<\/span><\/strong><span id=\"isPasted\"><a href=\"https:\/\/fdiqc.r.ah.d.sendibm5.com\/mk\/cl\/f\/sh\/SMK1E8tHeGM0l5UeIJDK8pqDG7tw\/D7RdrcbM96Ry\" target=\"_blank\" rel=\"noopener noreferrer\"><strong>Cliquez ici<\/strong><\/a><\/span><\/p><p><strong>&#8211; Z\u00e9ro d\u00e9chet <span id=\"isPasted\">\ud83d\udc49<\/span>\u00a0<\/strong><a href=\"https:\/\/fdiqc.r.ah.d.sendibm5.com\/mk\/cl\/f\/sh\/SMK1E8tHeGSsDEJbTTMoEf8xEQUC\/CrT3KM_usaj3\" target=\"_blank\" rel=\"noopener noreferrer\"><strong>C<\/strong><strong>liquez ici<\/strong><\/a><\/p><p><strong>&#8211; Engagement <span id=\"isPasted\">\ud83d\udc49\u00a0<\/span><\/strong><span id=\"isPasted\"><a href=\"https:\/\/fdiqc.r.ah.d.sendibm5.com\/mk\/cl\/f\/sh\/SMK1E8tHeGZjfN8YedWIKURhCj4S\/Uh7vYZ7xFrde\" target=\"_blank\" rel=\"noopener noreferrer\"><strong>Cliquez ici<\/strong><\/a><\/span><\/p><p>Pour (re)d\u00e9couvrir\u00a0<strong><u>les deux pl\u00e9ni\u00e8res, la conf\u00e9rence et la table ronde<\/u><\/strong>\u00a0(format vid\u00e9o),\u00a0<strong><u>rendez-vous d\u00e9but d\u00e9cembre sur le portail du Mouvement<\/u><\/strong>\u00a0(sur Mon\u00e9pi) !\u00a0<\/p><p>Les vid\u00e9os seront alors disponibles <em>pour les adh\u00e9rents et adh\u00e9rentes du Mouvement des \u00c9pis\u00a0<\/em>(d&#8217;ailleurs n&#8217;oubliez pas de <em>renouveler<\/em> <em>votre adh\u00e9sion<\/em> pour l&#8217;ann\u00e9e 2026 \ud83d\ude09).\u00a0Il vous suffira d&#8217;aller sur la portail du Mouvement sur la plateforme et de cliquer sur le bouton &#8220;Vid\u00e9os Festival&#8221;.\u00a0<\/p><table role=\"presentation\" border=\"0\" width=\"100%\" cellspacing=\"0\" cellpadding=\"0\"><tbody><tr><td class=\"r21-c nl2go-default-textstyle\" align=\"left\"><div><p><strong>1\ufe0f\u20e3 La carte des \u00c9pis pr\u00e9sents<\/strong><\/p><\/div><\/td><\/tr><tr><td class=\"r9-c\" align=\"center\"><table class=\"r12-o\" role=\"presentation\" border=\"0\" width=\"330\" cellspacing=\"0\" cellpadding=\"0\"><tbody><tr><td class=\"r13-i\"><img decoding=\"async\" class=\"aligncenter\" src=\"https:\/\/fdiqc.img.ah.d.sendibm5.com\/im\/sh\/gSP1paeSyLlk.png?u=1vcqsYC5HMzcSa74xHOZfvG9QXXLvE\" width=\"330\" border=\"0\" \/><\/td><\/tr><\/tbody><\/table><\/td><\/tr><tr><td class=\"r25-c nl2go-default-textstyle\" align=\"left\"><div><p>Cette carte montre la diversit\u00e9 des \u00c9pis pr\u00e9sents lors du Festival et une belle mobilisation venue des quatre coins du pays ! On y voit aussi une forte repr\u00e9sentation des \u00c9pis d\u2019\u00cele-de-France, mais c&#8217;est assez logique pour une \u00e9dition francilienne.\u00a0<\/p><p>\ud83d\ude4f Merci \u00e0 toutes celles et ceux qui ont fait le d\u00e9placement, parfois de tr\u00e8s loin, pour nous rejoindre \u00e0 Ch\u00e2teaufort. Votre pr\u00e9sence et votre engagement ont donn\u00e9 vie \u00e0 ce week-end et renforc\u00e9 l\u2019ambition du Mouvement.<\/p><\/div><\/td><\/tr><tr><td class=\"r19-c\" align=\"center\"><table role=\"presentation\" border=\"0\" width=\"100%\" cellspacing=\"0\" cellpadding=\"0\"><tbody><tr><td height=\"0\">\u00ad<\/td><\/tr><\/tbody><\/table><\/td><\/tr><tr><td class=\"r26-c nl2go-default-textstyle\" align=\"left\"><div><p><strong>2\ufe0f\u20e3 Quelques photos du Festival\u00a0<\/strong><\/p><\/div><\/td><\/tr><tr><td class=\"r9-c\" align=\"center\"><table class=\"r0-o\" role=\"presentation\" border=\"0\" width=\"387\" cellspacing=\"0\" cellpadding=\"0\"><tbody><tr><td class=\"r13-i\"><img decoding=\"async\" class=\"aligncenter\" src=\"https:\/\/fdiqc.img.ah.d.sendibm5.com\/im\/sh\/cXKEPylxU6et.jpg?u=7xwQLFBtniwQn1jItQuupsQBstSnjbs\" width=\"387\" border=\"0\" \/><\/td><\/tr><\/tbody><\/table><\/td><\/tr><tr><td class=\"r25-c nl2go-default-textstyle\" align=\"left\"><div><p>Domaine d&#8217;Ors, Ch\u00e2teaufort<\/p><\/div><\/td><\/tr><tr><td class=\"r9-c\" align=\"center\"><table class=\"r0-o\" role=\"presentation\" border=\"0\" width=\"387\" cellspacing=\"0\" cellpadding=\"0\"><tbody><tr><td class=\"r13-i\"><img decoding=\"async\" class=\"aligncenter\" src=\"https:\/\/fdiqc.img.ah.d.sendibm5.com\/im\/sh\/edKWkGEVaMdT.jpeg?u=1vcqsYC5HMzcSOTnlEK9U2QeEe1um0\" width=\"387\" border=\"0\" \/><\/td><\/tr><\/tbody><\/table><\/td><\/tr><tr><td class=\"r25-c nl2go-default-textstyle\" align=\"left\"><div><p>Pl\u00e9ni\u00e8re 2<\/p><\/div><\/td><\/tr><tr><td class=\"r9-c\" align=\"center\"><table class=\"r0-o\" role=\"presentation\" border=\"0\" width=\"387\" cellspacing=\"0\" cellpadding=\"0\"><tbody><tr><td class=\"r13-i\"><img decoding=\"async\" class=\"aligncenter\" src=\"https:\/\/fdiqc.img.ah.d.sendibm5.com\/im\/sh\/qug2PIzU1I6J.jpeg?u=1vcqsYC5HMzcSQ8qDWTdnRyZplxY52\" width=\"387\" border=\"0\" \/><\/td><\/tr><\/tbody><\/table><\/td><\/tr><tr><td class=\"r25-c nl2go-default-textstyle\" align=\"left\"><div><p>Tableau participatif<\/p><\/div><\/td><\/tr><tr><td class=\"r9-c\" align=\"center\"><table class=\"r0-o\" role=\"presentation\" border=\"0\" width=\"387\" cellspacing=\"0\" cellpadding=\"0\"><tbody><tr><td class=\"r13-i\"><img decoding=\"async\" class=\"aligncenter\" src=\"https:\/\/fdiqc.img.ah.d.sendibm5.com\/im\/sh\/DQ10wD6jnQRJ.jpeg?u=1vcqsYC5HMzcSRnsfod86rWVQttBO4\" width=\"387\" border=\"0\" \/><\/td><\/tr><\/tbody><\/table><\/td><\/tr><tr><td class=\"r25-c nl2go-default-textstyle\" align=\"left\"><div><p>Atelier sur la fiscalit\u00e9<\/p><\/div><\/td><\/tr><tr><td class=\"r9-c\" align=\"center\"><table class=\"r0-o\" role=\"presentation\" border=\"0\" width=\"387\" cellspacing=\"0\" cellpadding=\"0\"><tbody><tr><td class=\"r13-i\"><img decoding=\"async\" class=\"aligncenter\" src=\"https:\/\/fdiqc.img.ah.d.sendibm5.com\/im\/sh\/sFd_RqIVbVe3.png?u=7xwQLFBtniwQn8al2Fs601uHiCCm2C8\" width=\"387\" border=\"0\" \/><\/td><\/tr><\/tbody><\/table><\/td><\/tr><tr><td class=\"r25-c nl2go-default-textstyle\" align=\"left\"><div><p>D\u00e9jeuner du dimanche<\/p><\/div><\/td><\/tr><tr><td class=\"r9-c\" align=\"center\"><table class=\"r0-o\" role=\"presentation\" border=\"0\" width=\"279\" cellspacing=\"0\" cellpadding=\"0\"><tbody><tr><td class=\"r13-i\"><img decoding=\"async\" class=\"aligncenter\" src=\"https:\/\/fdiqc.img.ah.d.sendibm5.com\/im\/sh\/-nw8bQKNkZkx.jpeg?u=1vcqsYC5HMzcSV7xaOw6jgcMd9kS08\" width=\"279\" border=\"0\" \/><\/td><\/tr><\/tbody><\/table><\/td><\/tr><tr><td class=\"r25-c nl2go-default-textstyle\" align=\"left\"><div><p>Le stand de la librairie Liragif<\/p><\/div><\/td><\/tr><tr><td class=\"r9-c\" align=\"center\"><table class=\"r0-o\" role=\"presentation\" border=\"0\" width=\"285\" cellspacing=\"0\" cellpadding=\"0\"><tbody><tr><td class=\"r13-i\"><img decoding=\"async\" class=\"aligncenter\" src=\"https:\/\/fdiqc.img.ah.d.sendibm5.com\/im\/sh\/s_yJEjldiC6I.png?u=7xwQLFBtniwQnTB7SijdUUMZC6Qgvwu\" width=\"285\" border=\"0\" \/><\/td><\/tr><\/tbody><\/table><\/td><\/tr><tr><td class=\"r25-c nl2go-default-textstyle\" align=\"left\"><div><p>La b\u00e2che photo du Festival !<\/p><\/div><\/td><\/tr><tr><td class=\"r19-c\" align=\"center\"><table role=\"presentation\" border=\"0\" width=\"100%\" cellspacing=\"0\" cellpadding=\"0\"><tbody><tr><td height=\"0\">\u00ad<\/td><\/tr><\/tbody><\/table><\/td><\/tr><\/tbody><\/table><\/div><\/td><\/tr><\/tbody><\/table><\/div><\/td><\/tr><tr><td class=\"r19-c\" align=\"center\"><table role=\"presentation\" border=\"0\" width=\"100%\" cellspacing=\"0\" cellpadding=\"0\"><tbody><tr><td height=\"0\">\u00ad<\/td><\/tr><\/tbody><\/table><\/td><\/tr><\/tbody><\/table>\t\t\t\t\t\t\t\t<\/div>\n\t\t\t\t<\/div>\n\t\t\t\t\t<\/div>\n\t\t<\/div>\n\t\t\t\t\t<\/div>\n\t\t<\/section>\n\t\t\t\t<\/div>\n\t\t","protected":false},"excerpt":{"rendered":"<p>Festival des \u00c9pis 2025- sp\u00e9cial 10 ans ! Un grand merci pour ce week-end anniversaire riche en rencontres, en \u00e9changes et en belles \u00e9nergies ! Le Festival des \u00c9pis fut une formidable occasion de tisser du lien, de partager des projets et de construire ensemble un r\u00e9seau qui nous ressemble. \ud83d\uddd3 2 jours \ud83c\udf9f +160 [&hellip;]<\/p>\n","protected":false},"author":1,"featured_media":0,"parent":0,"menu_order":0,"comment_status":"closed","ping_status":"closed","template":"","meta":{"footnotes":""},"class_list":["post-2351","page","type-page","status-publish","hentry"],"_links":{"self":[{"href":"https:\/\/mouvementdesepis.org\/index.php?rest_route=\/wp\/v2\/pages\/2351","targetHints":{"allow":["GET"]}}],"collection":[{"href":"https:\/\/mouvementdesepis.org\/index.php?rest_route=\/wp\/v2\/pages"}],"about":[{"href":"https:\/\/mouvementdesepis.org\/index.php?rest_route=\/wp\/v2\/types\/page"}],"author":[{"embeddable":true,"href":"https:\/\/mouvementdesepis.org\/index.php?rest_route=\/wp\/v2\/users\/1"}],"replies":[{"embeddable":true,"href":"https:\/\/mouvementdesepis.org\/index.php?rest_route=%2Fwp%2Fv2%2Fcomments&post=2351"}],"version-history":[{"count":48,"href":"https:\/\/mouvementdesepis.org\/index.php?rest_route=\/wp\/v2\/pages\/2351\/revisions"}],"predecessor-version":[{"id":2551,"href":"https:\/\/mouvementdesepis.org\/index.php?rest_route=\/wp\/v2\/pages\/2351\/revisions\/2551"}],"wp:attachment":[{"href":"https:\/\/mouvementdesepis.org\/index.php?rest_route=%2Fwp%2Fv2%2Fmedia&parent=2351"}],"curies":[{"name":"wp","href":"https:\/\/api.w.org\/{rel}","templated":true}]}}